{"id":1229,"date":"2022-11-19T16:08:22","date_gmt":"2022-11-19T16:08:22","guid":{"rendered":"https:\/\/sverigefinskaskolan.com\/fi\/?page_id=1229"},"modified":"2022-11-19T16:08:22","modified_gmt":"2022-11-19T16:08:22","slug":"botkyrkan-ruotsinsuomalainen-koulu","status":"publish","type":"page","link":"https:\/\/sverigefinskaskolan.com\/fi\/","title":{"rendered":"Botkyrkan ruotsinsuomalainen koulu"},"content":{"rendered":"\n<p>Botkyrkan ruotsinsuomalainen koulu on tasokas kaksikielinen vapaakoulu, joka perustettiin vuonna 1996. Koulussamme noudatetaan Ruotsin koululakia ja opetussuunnitelmaa. Tavoitteemme on, ett\u00e4 lapset ja oppilaat oppivat sek\u00e4 \u00e4idinkielens\u00e4 suomen ett\u00e4 ruotsin kielen. Molempien kielten kehityst\u00e4 seurataan esikoulusta 9. luokalle saakka. Lis\u00e4ksi panostamme englannin kieleen; p\u00e4iv\u00e4kodissa englantia on leikin ja laulun muodossa ja yl\u00e4asteella englannin osuutta lis\u00e4t\u00e4\u00e4n muun opetuksen yhteyteen. Kielivalinta tehd\u00e4\u00e4n kuudennella luokalla.<\/p>\n\n\n\n<p>Koulun tavoitteena on my\u00f6s luoda hyv\u00e4 pohja vahvalle identiteetille, jonka juuret ovat Suomessa ja Ruotsissa. Ne lapset, joilla on lis\u00e4ksi kolmas kieli kotona, saavat opetusta my\u00f6s siin\u00e4 kieless\u00e4. Vahva identiteetti ja hyv\u00e4 kielitaito antavat merkitt\u00e4v\u00e4n sosiaalisen p\u00e4tevyyden muiden kulttuurien kohtaamiseen ja ovat selv\u00e4 etu jatko-opinnoissa ja ty\u00f6markkinoilla. Kotimaahan ja ulkomaille teht\u00e4v\u00e4t opintomatkat ovat t\u00e4rke\u00e4 osa kouluty\u00f6t\u00e4mme.<\/p>\n","protected":false},"excerpt":{"rendered":"<p>Botkyrkan ruotsinsuomalainen koulu on tasokas kaksikielinen vapaakoulu, joka perustettiin vuonna 1996. Koulussamme noudatetaan Ruotsin koululakia ja opetussuunnitelmaa. Tavoitteemme on, ett\u00e4 lapset ja oppilaat oppivat sek\u00e4 \u00e4idinkielens\u00e4 suomen ett\u00e4 ruotsin kielen. Molempien kielten kehityst\u00e4 seurataan esikoulusta 9. luokalle saakka. Lis\u00e4ksi panostamme englannin kieleen; p\u00e4iv\u00e4kodissa englantia on leikin ja laulun muodossa ja yl\u00e4asteella englannin osuutta lis\u00e4t\u00e4\u00e4n muun [&hellip;]<\/p>\n","protected":false},"author":1,"featured_media":0,"parent":0,"menu_order":0,"comment_status":"closed","ping_status":"closed","template":"","meta":{"footnotes":""},"class_list":["post-1229","page","type-page","status-publish","hentry"],"_links":{"self":[{"href":"https:\/\/sverigefinskaskolan.com\/fi\/wp-json\/wp\/v2\/pages\/1229","targetHints":{"allow":["GET"]}}],"collection":[{"href":"https:\/\/sverigefinskaskolan.com\/fi\/wp-json\/wp\/v2\/pages"}],"about":[{"href":"https:\/\/sverigefinskaskolan.com\/fi\/wp-json\/wp\/v2\/types\/page"}],"author":[{"embeddable":true,"href":"https:\/\/sverigefinskaskolan.com\/fi\/wp-json\/wp\/v2\/users\/1"}],"replies":[{"embeddable":true,"href":"https:\/\/sverigefinskaskolan.com\/fi\/wp-json\/wp\/v2\/comments?post=1229"}],"version-history":[{"count":1,"href":"https:\/\/sverigefinskaskolan.com\/fi\/wp-json\/wp\/v2\/pages\/1229\/revisions"}],"predecessor-version":[{"id":1230,"href":"https:\/\/sverigefinskaskolan.com\/fi\/wp-json\/wp\/v2\/pages\/1229\/revisions\/1230"}],"wp:attachment":[{"href":"https:\/\/sverigefinskaskolan.com\/fi\/wp-json\/wp\/v2\/media?parent=1229"}],"curies":[{"name":"wp","href":"https:\/\/api.w.org\/{rel}","templated":true}]}}