{"id":435,"date":"2015-01-17T18:13:54","date_gmt":"2015-01-17T18:13:54","guid":{"rendered":"http:\/\/sverigefinskaskolan.com\/fi\/?page_id=435"},"modified":"2019-09-02T20:06:06","modified_gmt":"2019-09-02T20:06:06","slug":"8-9-luokka","status":"publish","type":"page","link":"https:\/\/sverigefinskaskolan.com\/fi\/koulu\/8-9-luokka\/","title":{"rendered":"8.-9. -luokka"},"content":{"rendered":"<p><img loading=\"lazy\" decoding=\"async\" class=\"alignnone wp-image-856 size-full\" src=\"https:\/\/sverigefinskaskolan.com\/fi\/wp-content\/uploads\/sites\/2\/2015\/01\/4-5-nettiin.jpg\" alt=\"\" width=\"700\" height=\"525\"><\/p>\n<p><a href=\"http:\/\/media1.sverigefinskaskolan.com\/sites\/2\/2015\/01\/klass-3-4.jpg\">[blockquote quote_author=&#8221;7. -luokan oppilaat&#8221; textalign=&#8221;pull-left&#8221;]<\/a><\/p>\n<p>Olipa kerran meid\u00e4n luokka, joka oli v\u00e4rik\u00e4s, iloinen ja my\u00f6s ihmeellinen. Osa meist\u00e4 tykk\u00e4\u00e4 matikasta, osa kuviksesta ja osa muista aineista. Meill\u00e4 unohtuu v\u00e4lill\u00e4 kyn\u00e4t, kumit ja avaimet kotiin. Se ei ole hyv\u00e4, mutta meill\u00e4 on silti hauskaa. Melkein kaikki me rakastamme olla mets\u00e4ss\u00e4 ja sy\u00f6d\u00e4 herkkuja.<\/p>\n<p><a href=\"http:\/\/media1.sverigefinskaskolan.com\/sites\/2\/2015\/01\/klass-3-4.jpg\">[\/blockquote]<\/a><\/p>\n","protected":false},"excerpt":{"rendered":"<p>[blockquote quote_author=&#8221;7. -luokan oppilaat&#8221; textalign=&#8221;pull-left&#8221;] Olipa kerran meid\u00e4n luokka, joka oli v\u00e4rik\u00e4s, iloinen ja my\u00f6s ihmeellinen. Osa meist\u00e4 tykk\u00e4\u00e4 matikasta, osa kuviksesta ja osa muista aineista. Meill\u00e4 unohtuu v\u00e4lill\u00e4 kyn\u00e4t, kumit ja avaimet kotiin. Se ei ole hyv\u00e4, mutta meill\u00e4 on silti hauskaa. Melkein kaikki me rakastamme olla mets\u00e4ss\u00e4 ja sy\u00f6d\u00e4 herkkuja. [\/blockquote]<\/p>\n","protected":false},"author":1,"featured_media":0,"parent":411,"menu_order":0,"comment_status":"open","ping_status":"open","template":"","meta":{"footnotes":""},"class_list":["post-435","page","type-page","status-publish","hentry"],"_links":{"self":[{"href":"https:\/\/sverigefinskaskolan.com\/fi\/wp-json\/wp\/v2\/pages\/435","targetHints":{"allow":["GET"]}}],"collection":[{"href":"https:\/\/sverigefinskaskolan.com\/fi\/wp-json\/wp\/v2\/pages"}],"about":[{"href":"https:\/\/sverigefinskaskolan.com\/fi\/wp-json\/wp\/v2\/types\/page"}],"author":[{"embeddable":true,"href":"https:\/\/sverigefinskaskolan.com\/fi\/wp-json\/wp\/v2\/users\/1"}],"replies":[{"embeddable":true,"href":"https:\/\/sverigefinskaskolan.com\/fi\/wp-json\/wp\/v2\/comments?post=435"}],"version-history":[{"count":19,"href":"https:\/\/sverigefinskaskolan.com\/fi\/wp-json\/wp\/v2\/pages\/435\/revisions"}],"predecessor-version":[{"id":1138,"href":"https:\/\/sverigefinskaskolan.com\/fi\/wp-json\/wp\/v2\/pages\/435\/revisions\/1138"}],"up":[{"embeddable":true,"href":"https:\/\/sverigefinskaskolan.com\/fi\/wp-json\/wp\/v2\/pages\/411"}],"wp:attachment":[{"href":"https:\/\/sverigefinskaskolan.com\/fi\/wp-json\/wp\/v2\/media?parent=435"}],"curies":[{"name":"wp","href":"https:\/\/api.w.org\/{rel}","templated":true}]}}